{"id":21,"date":"2021-03-11T18:46:41","date_gmt":"2021-03-11T18:46:41","guid":{"rendered":"https:\/\/sdera.com.mx\/?page_id=21"},"modified":"2021-03-11T22:13:48","modified_gmt":"2021-03-11T22:13:48","slug":"contacto","status":"publish","type":"page","link":"https:\/\/sdera.com.mx\/index.php\/contacto\/","title":{"rendered":"Contacto"},"content":{"rendered":"<p>[et_pb_section fb_built=\u00bb1&#8243; admin_label=\u00bbHero Section\u00bb _builder_version=\u00bb3.22&#8243; custom_padding=\u00bb0|0px|0px|0px\u00bb][et_pb_row make_equal=\u00bbon\u00bb _builder_version=\u00bb4.9.1&#8243; width=\u00bb100%\u00bb max_width=\u00bb100%\u00bb custom_padding=\u00bb0px|0|0px|\u00bb hover_enabled=\u00bb0&#8243; use_custom_width=\u00bbon\u00bb width_unit=\u00bboff\u00bb custom_width_percent=\u00bb100%\u00bb column_structure=\u00bb1_2,1_2&#8243; sticky_enabled=\u00bb0&#8243;][et_pb_column type=\u00bb1_2&#8243; _builder_version=\u00bb3.25&#8243; custom_padding=\u00bb200px|8%|260px|8%\u00bb custom_padding_tablet=\u00bb80px|10%|80px|10%\u00bb custom_padding_last_edited=\u00bbon|tablet\u00bb padding_tablet=\u00bb80px|10%|80px|10%\u00bb padding_last_edited=\u00bbon|tablet\u00bb custom_padding__hover=\u00bb|||\u00bb][et_pb_text _builder_version=\u00bb3.27.4&#8243; text_font=\u00bbKarla||||||||\u00bb text_font_size=\u00bb18px\u00bb text_line_height=\u00bb1.8em\u00bb header_font=\u00bbCormorant Garamond||||||||\u00bb header_font_size=\u00bb56px\u00bb header_line_height=\u00bb1.4em\u00bb header_2_font=\u00bb||||||||\u00bb header_3_font=\u00bb||||||||\u00bb max_width=\u00bb600px\u00bb header_font_size_tablet=\u00bb40px\u00bb header_font_size_phone=\u00bb\u00bb header_font_size_last_edited=\u00bbon|tablet\u00bb locked=\u00bboff\u00bb]<\/p>\n<h1>Te asesoramos<\/h1>\n<p>[\/et_pb_text][et_pb_text _builder_version=\u00bb4.9.1&#8243; text_font=\u00bbKarla||||||||\u00bb text_text_color=\u00bbrgba(255,255,255,0.7)\u00bb text_font_size=\u00bb18px\u00bb text_line_height=\u00bb1.8em\u00bb header_font=\u00bb||||||||\u00bb header_2_font=\u00bb||||||||\u00bb header_2_font_size=\u00bb40px\u00bb header_2_line_height=\u00bb1.4em\u00bb header_3_font=\u00bbCormorant Garamond|600|||||||\u00bb header_3_line_height=\u00bb1.4em\u00bb background_layout=\u00bbdark\u00bb max_width=\u00bb600px\u00bb hover_enabled=\u00bb0&#8243; locked=\u00bboff\u00bb sticky_enabled=\u00bb0&#8243;]<\/p>\n<h3><strong><span style=\"color: #000000;\">Correo\u00a0<\/span><span style=\"color: #000000;\">electr\u00f3nico<\/span><\/strong><\/h3>\n<p><span style=\"color: #000000;\">contacto@sdera.com.mx<\/span><\/p>\n<h3><strong><span style=\"color: #000000;\">Tel\u00e9fono<\/span><\/strong><\/h3>\n<p><span style=\"color: #000000;\">55<\/span><\/p>\n<h3><strong><span style=\"color: #000000;\">Direcci\u00f3n<\/span><\/strong><\/h3>\n<p><span style=\"color: #000000;\">Calle Pafnuncio Padilla N\u00b026 Int 3B, Ciudad Sat\u00e9lite, C.P. 52100, Naucalpan, Edo, Mex.<\/span><\/p>\n<p>[\/et_pb_text][\/et_pb_column][et_pb_column _builder_version=\u00bb4.9.1&#8243; _module_preset=\u00bbdefault\u00bb type=\u00bb1_2&#8243; hover_enabled=\u00bb0&#8243; sticky_enabled=\u00bb0&#8243;][et_pb_code _builder_version=\u00bb4.9.1&#8243; _module_preset=\u00bbdefault\u00bb transform_translate=\u00bb-101px|58px\u00bb transform_styles_last_edited=\u00bbon|phone\u00bb transform_scale_last_edited=\u00bbon|desktop\u00bb transform_translate_last_edited=\u00bbon|phone\u00bb transform_rotate_last_edited=\u00bbon|desktop\u00bb transform_skew_last_edited=\u00bbon|desktop\u00bb transform_origin_last_edited=\u00bbon|desktop\u00bb hover_enabled=\u00bb0&#8243; sticky_enabled=\u00bb0&#8243; transform_translate_tablet=\u00bb0px|-14px\u00bb]<iframe src=\"https:\/\/www.google.com\/maps\/embed?pb=!1m18!1m12!1m3!1d1880.3363056992955!2d-99.23289233522559!3d19.51271625044106!2m3!1f0!2f0!3f0!3m2!1i1024!2i768!4f13.1!3m3!1m2!1s0x85d202d7a4636771%3A0xc34d9daa15f85f34!2sPafnuncio%20Padilla%2026%2C%20Cd.%20Sat%C3%A9lite%2C%2053100%20Naucalpan%20de%20Ju%C3%A1rez%2C%20M%C3%A9x.!5e0!3m2!1ses!2smx!4v1615500736771!5m2!1ses!2smx\" width=\"800\" height=\"600\" style=\"border:0;\" allowfullscreen=\"\" loading=\"lazy\"><\/iframe>[\/et_pb_code][\/et_pb_column][\/et_pb_row][\/et_pb_section][et_pb_section fb_built=\u00bb1&#8243; _builder_version=\u00bb3.22&#8243; background_color=\u00bb#121212&#8243; custom_padding=\u00bb0|0px|54px|0px\u00bb][\/et_pb_section]<\/p>\n","protected":false},"excerpt":{"rendered":"<p>Te asesoramosCorreo\u00a0electr\u00f3nico contacto@sdera.com.mx Tel\u00e9fono 55 Direcci\u00f3n Calle Pafnuncio Padilla N\u00b026 Int 3B, Ciudad Sat\u00e9lite, C.P. 52100, Naucalpan, Edo, Mex.<\/p>\n","protected":false},"author":1,"featured_media":0,"parent":0,"menu_order":0,"comment_status":"closed","ping_status":"closed","template":"","meta":{"_et_pb_use_builder":"on","_et_pb_old_content":"<!-- wp:divi\/placeholder \/-->","_et_gb_content_width":"","footnotes":""},"class_list":["post-21","page","type-page","status-publish","hentry"],"_links":{"self":[{"href":"https:\/\/sdera.com.mx\/index.php\/wp-json\/wp\/v2\/pages\/21","targetHints":{"allow":["GET"]}}],"collection":[{"href":"https:\/\/sdera.com.mx\/index.php\/wp-json\/wp\/v2\/pages"}],"about":[{"href":"https:\/\/sdera.com.mx\/index.php\/wp-json\/wp\/v2\/types\/page"}],"author":[{"embeddable":true,"href":"https:\/\/sdera.com.mx\/index.php\/wp-json\/wp\/v2\/users\/1"}],"replies":[{"embeddable":true,"href":"https:\/\/sdera.com.mx\/index.php\/wp-json\/wp\/v2\/comments?post=21"}],"version-history":[{"count":3,"href":"https:\/\/sdera.com.mx\/index.php\/wp-json\/wp\/v2\/pages\/21\/revisions"}],"predecessor-version":[{"id":184,"href":"https:\/\/sdera.com.mx\/index.php\/wp-json\/wp\/v2\/pages\/21\/revisions\/184"}],"wp:attachment":[{"href":"https:\/\/sdera.com.mx\/index.php\/wp-json\/wp\/v2\/media?parent=21"}],"curies":[{"name":"wp","href":"https:\/\/api.w.org\/{rel}","templated":true}]}}